{"id":20,"date":"2025-01-24T15:59:22","date_gmt":"2025-01-24T18:59:22","guid":{"rendered":"https:\/\/padraovhml.tech.math.group\/?page_id=20"},"modified":"2025-04-29T16:32:53","modified_gmt":"2025-04-29T19:32:53","slug":"servicos","status":"publish","type":"page","link":"https:\/\/www.balcarcemaquinarias.com.ar\/es\/servicos\/","title":{"rendered":"Consejos de mantenimiento"},"content":{"rendered":"<div data-elementor-type=\"wp-page\" data-elementor-id=\"20\" class=\"elementor elementor-20\">\n\t\t\t\t<div class=\"elementor-element elementor-element-7ca0f76b e-con-full main-title  e-flex e-con e-parent\" data-id=\"7ca0f76b\" data-element_type=\"container\" data-settings=\"{&quot;background_background&quot;:&quot;classic&quot;}\">\n\t\t\t\t<div class=\"elementor-element elementor-element-f171aaf content elementor-widget elementor-widget-heading\" data-id=\"f171aaf\" data-element_type=\"widget\" data-widget_type=\"heading.default\">\n\t\t\t\t<div class=\"elementor-widget-container\">\n\t\t\t\t\t<h2 class=\"elementor-heading-title elementor-size-default\">Lubricantes y<br> aditivos genuinos\n<\/h2>\t\t\t\t<\/div>\n\t\t\t\t<\/div>\n\t\t\t\t<\/div>\n\t\t<div class=\"elementor-element elementor-element-58676917 e-con-full content e-flex e-con e-parent\" data-id=\"58676917\" data-element_type=\"container\">\n\t\t<div class=\"elementor-element elementor-element-360f4ae0 e-con-full e-flex e-con e-child\" data-id=\"360f4ae0\" data-element_type=\"container\">\n\t\t\t\t<div class=\"elementor-element elementor-element-3b934b8d main-subtitle elementor-widget elementor-widget-heading\" data-id=\"3b934b8d\" data-element_type=\"widget\" data-widget_type=\"heading.default\">\n\t\t\t\t<div class=\"elementor-widget-container\">\n\t\t\t\t\t<span class=\"elementor-heading-title elementor-size-default\">REVISI\u00d3N PREVENTIVA\n<\/span>\t\t\t\t<\/div>\n\t\t\t\t<\/div>\n\t\t\t\t<div class=\"elementor-element elementor-element-865028d elementor-widget elementor-widget-text-editor\" data-id=\"865028d\" data-element_type=\"widget\" data-widget_type=\"text-editor.default\">\n\t\t\t\t<div class=\"elementor-widget-container\">\n\t\t\t\t\t\t\t\t\t<div class=\"liftblockcomp aem-GridColumn aem-GridColumn--default--12\">\n<div>\n<div class=\"liftblock  liftblock--half liftblock--right\">\n<div class=\"liftblock__wrap\">\n<div class=\"liftblock__text\">\n<div class=\"liftblock__text-wrap\">\n<div class=\"liftblock__description\">\n<p>Equipos que trabajan en las mejores condiciones significa un mayor rendimiento y rentabilidad para su negocio.\u00a0\u00a1Para ello, tu gran aliado es la revisi\u00f3n preventiva!\u00a0Adem\u00e1s de evitar fallas y anticipar posibles problemas, el mantenimiento peri\u00f3dico puede brindarle ahorros, mayor durabilidad y evitar que su m\u00e1quina de trabajo Valtra se detenga cuando m\u00e1s la necesite.\u00a0Nuestra red de distribuidores est\u00e1 a su disposici\u00f3n para realizar este servicio con maestr\u00eda y rapidez.\u00a0\u00a1Programe la revisi\u00f3n preventiva y garantice el m\u00e1ximo rendimiento!<\/p>\n<\/div>\n<\/div>\n<\/div>\n<\/div>\n<\/div>\n<\/div>\n<\/div>\t\t\t\t\t\t\t\t<\/div>\n\t\t\t\t<\/div>\n\t\t\t\t<div class=\"elementor-element elementor-element-967f8ce elementor-align-left elementor-widget elementor-widget-button\" data-id=\"967f8ce\" data-element_type=\"widget\" data-widget_type=\"button.default\">\n\t\t\t\t<div class=\"elementor-widget-container\">\n\t\t\t\t\t\t\t\t\t<div class=\"elementor-button-wrapper\">\n\t\t\t\t\t<a class=\"elementor-button elementor-button-link elementor-size-sm\" href=\"\/es\/pongase-en-contacto-con\/\">\n\t\t\t\t\t\t<span class=\"elementor-button-content-wrapper\">\n\t\t\t\t\t\t\t\t\t<span class=\"elementor-button-text\">Fale com a nossa equipe<\/span>\n\t\t\t\t\t<\/span>\n\t\t\t\t\t<\/a>\n\t\t\t\t<\/div>\n\t\t\t\t\t\t\t\t<\/div>\n\t\t\t\t<\/div>\n\t\t\t\t<\/div>\n\t\t<div class=\"elementor-element elementor-element-5a8e501e e-con-full e-flex elementor-invisible e-con e-child\" data-id=\"5a8e501e\" data-element_type=\"container\" data-settings=\"{&quot;animation&quot;:&quot;fadeInRight&quot;}\">\n\t\t\t\t<div class=\"elementor-element elementor-element-50b4f0de elementor-widget elementor-widget-image\" data-id=\"50b4f0de\" data-element_type=\"widget\" data-widget_type=\"image.default\">\n\t\t\t\t<div class=\"elementor-widget-container\">\n\t\t\t\t\t\t\t\t\t\t\t\t\t\t\t<img fetchpriority=\"high\" decoding=\"async\" width=\"800\" height=\"800\" src=\"https:\/\/www.balcarcemaquinarias.com.ar\/wp-content\/uploads\/sites\/13\/Valtra-tractor-maintanance-man-repairing-800.jpg\" class=\"attachment-large size-large wp-image-1629\" alt=\"\" srcset=\"https:\/\/www.balcarcemaquinarias.com.ar\/wp-content\/uploads\/sites\/13\/Valtra-tractor-maintanance-man-repairing-800.jpg 800w, https:\/\/www.balcarcemaquinarias.com.ar\/wp-content\/uploads\/sites\/13\/Valtra-tractor-maintanance-man-repairing-800-300x300.jpg 300w, https:\/\/www.balcarcemaquinarias.com.ar\/wp-content\/uploads\/sites\/13\/Valtra-tractor-maintanance-man-repairing-800-150x150.jpg 150w, https:\/\/www.balcarcemaquinarias.com.ar\/wp-content\/uploads\/sites\/13\/Valtra-tractor-maintanance-man-repairing-800-768x768.jpg 768w, https:\/\/www.balcarcemaquinarias.com.ar\/wp-content\/uploads\/sites\/13\/Valtra-tractor-maintanance-man-repairing-800-600x600.jpg 600w\" sizes=\"(max-width: 800px) 100vw, 800px\" \/>\t\t\t\t\t\t\t\t\t\t\t\t\t\t\t<\/div>\n\t\t\t\t<\/div>\n\t\t\t\t<\/div>\n\t\t\t\t<\/div>\n\t\t<div class=\"elementor-element elementor-element-6259afc6 e-con-full content e-flex e-con e-parent\" data-id=\"6259afc6\" data-element_type=\"container\">\n\t\t\t\t<div class=\"elementor-element elementor-element-8494c68 main-title with-separator elementor-widget elementor-widget-heading\" data-id=\"8494c68\" data-element_type=\"widget\" data-widget_type=\"heading.default\">\n\t\t\t\t<div class=\"elementor-widget-container\">\n\t\t\t\t\t<span class=\"elementor-heading-title elementor-size-default\">Mantenimiento <br>Preventivo de <br>Cosechadoras\n<\/span>\t\t\t\t<\/div>\n\t\t\t\t<\/div>\n\t\t\t\t<\/div>\n\t\t<div class=\"elementor-element elementor-element-69c6644 e-con-full content e-flex e-con e-parent\" data-id=\"69c6644\" data-element_type=\"container\">\n\t\t<div class=\"elementor-element elementor-element-64b357a e-con-full e-flex e-con e-child\" data-id=\"64b357a\" data-element_type=\"container\" data-settings=\"{&quot;background_background&quot;:&quot;classic&quot;}\">\n\t\t\t\t<div class=\"elementor-element elementor-element-732ed13 elementor-widget elementor-widget-text-editor\" data-id=\"732ed13\" data-element_type=\"widget\" data-widget_type=\"text-editor.default\">\n\t\t\t\t<div class=\"elementor-widget-container\">\n\t\t\t\t\t\t\t\t\t<div class=\"titleblockcomp aem-GridColumn aem-GridColumn--default--12\">\n<div class=\"titleblock\">\n<h2 class=\"banner__heading\" style=\"text-align: center;\">MOTOR<\/h2>\n<hr \/><\/div>\n<\/div>\n<div class=\"bannercomp aem-GridColumn aem-GridColumn--default--12\">\n<div class=\"banner\">\n<div class=\"banner__ctn\">\n<div class=\"banner__item\">\n<div class=\"banner__text\">\n<ul>\n<li>Cambio de aceite de motor<\/li>\n<li>Cambio de filtros de aceite y combustible<\/li>\n<li>Reemplazo de filtros de aire<\/li>\n<li>Verificaci\u00f3n de correas de accesorios<\/li>\n<li>Verificar ajuste de v\u00e1lvulas<\/li>\n<li>Inspecci\u00f3n de correas y rodamientos<\/li>\n<\/ul>\n<\/div>\n<\/div>\n<\/div>\n<\/div>\n<\/div>\t\t\t\t\t\t\t\t<\/div>\n\t\t\t\t<\/div>\n\t\t\t\t<\/div>\n\t\t<div class=\"elementor-element elementor-element-8e694ec e-con-full e-flex e-con e-child\" data-id=\"8e694ec\" data-element_type=\"container\" data-settings=\"{&quot;background_background&quot;:&quot;classic&quot;}\">\n\t\t\t\t<div class=\"elementor-element elementor-element-6f6618f elementor-widget elementor-widget-text-editor\" data-id=\"6f6618f\" data-element_type=\"widget\" data-widget_type=\"text-editor.default\">\n\t\t\t\t<div class=\"elementor-widget-container\">\n\t\t\t\t\t\t\t\t\t<div class=\"titleblockcomp aem-GridColumn aem-GridColumn--default--12\">\n<div class=\"titleblock\">\n<h2 class=\"banner__heading\" style=\"text-align: center;\">TRANSMISI\u00d3N<\/h2>\n<hr \/>\n<div class=\"banner__description\">\n<ul>\n<li>Cambio de aceite de transmisi\u00f3n<\/li>\n<li>Reemplace filtros de aceite hidr\u00e1ulico<\/li>\n<li>Cambio de aceite de cajas de mando<\/li>\n<li>Control de niveles de aceites de cajas escuadras<\/li>\n<li>Control de niveles de reductores finales<\/li>\n<li>Estado de correas y tensores<\/li>\n<li>Verificar nivel de l\u00edquido de frenos<\/li>\n<li>Controlar el par de apriete de tornillos de ruedas (800Nm)<\/li>\n<\/ul>\n<\/div>\n<\/div>\n<\/div>\t\t\t\t\t\t\t\t<\/div>\n\t\t\t\t<\/div>\n\t\t\t\t<\/div>\n\t\t<div class=\"elementor-element elementor-element-6653b43 e-con-full e-flex e-con e-child\" data-id=\"6653b43\" data-element_type=\"container\" data-settings=\"{&quot;background_background&quot;:&quot;classic&quot;}\">\n\t\t\t\t<div class=\"elementor-element elementor-element-77df37f elementor-widget elementor-widget-text-editor\" data-id=\"77df37f\" data-element_type=\"widget\" data-widget_type=\"text-editor.default\">\n\t\t\t\t<div class=\"elementor-widget-container\">\n\t\t\t\t\t\t\t\t\t<div class=\"titleblockcomp aem-GridColumn aem-GridColumn--default--12\">\n<div class=\"titleblock\">\n<h2 class=\"banner__heading\" style=\"text-align: center;\">SISTEMA DE COSECHA<\/h2>\n<hr \/>\n<div class=\"banner__description\">\n<ul>\n<li>Controlar la holgura de los c\u00f3ncavos<\/li>\n<li>Verificar par de apriete de muelas del rotor<\/li>\n<li>Verificar la tensi\u00f3n de las cadenas de noria<\/li>\n<li>Verificar el estado de las cadenas del sistema de descarga<\/li>\n<li>Controlar la tensi\u00f3n de cadenas de canal alimentador<\/li>\n<li>Verificar correcto funcionamiento del sistema de zarandas<\/li>\n<li>Inspecci\u00f3n de las correas de mandos principales<\/li>\n<li>Engrasar los puntos de lubricaci\u00f3n\u00a0<\/li>\n<\/ul>\n<\/div>\n<\/div>\n<\/div>\t\t\t\t\t\t\t\t<\/div>\n\t\t\t\t<\/div>\n\t\t\t\t<\/div>\n\t\t<div class=\"elementor-element elementor-element-9234053 e-con-full e-flex e-con e-child\" data-id=\"9234053\" data-element_type=\"container\" data-settings=\"{&quot;background_background&quot;:&quot;classic&quot;}\">\n\t\t\t\t<div class=\"elementor-element elementor-element-2323d99 elementor-widget elementor-widget-text-editor\" data-id=\"2323d99\" data-element_type=\"widget\" data-widget_type=\"text-editor.default\">\n\t\t\t\t<div class=\"elementor-widget-container\">\n\t\t\t\t\t\t\t\t\t<div class=\"titleblockcomp aem-GridColumn aem-GridColumn--default--12\">\n<div class=\"titleblock\">\n<h2 class=\"banner__heading\" style=\"text-align: center;\">PLATAFORMAS DYNAFLEX<\/h2>\n<hr \/>\n<div class=\"banner__description\">\n<ul>\n<li>Controlar la correcta tensi\u00f3n de las lonas<\/li>\n<li>Controlar la tensi\u00f3n de las correas de mando<\/li>\n<li>Verificar alineaci\u00f3n de las\u00a0 lonas<\/li>\n<li>Engrasar los puntos de lubricaci\u00f3n<\/li>\n<li>Verificar niveles de aceites de cajas de transferencia<\/li>\n<li>Controlar tensi\u00f3n de la cadena de mando del molinete<\/li>\n<li>Verificar el estado de las cuchillas de corte y puntones<\/li>\n<li>Verificar rodamientos de la barra de corte<\/li>\n<li>Controlar fugas del circuito hidr\u00e1ulico<\/li>\n<li>Controlar cableado de sensores<\/li>\n<li>Calibrar sensores del flexible<\/li>\n<\/ul>\n<\/div>\n<\/div>\n<\/div>\t\t\t\t\t\t\t\t<\/div>\n\t\t\t\t<\/div>\n\t\t\t\t<\/div>\n\t\t\t\t<\/div>\n\t\t<div class=\"elementor-element elementor-element-fd1c395 e-flex e-con-boxed e-con e-parent\" data-id=\"fd1c395\" data-element_type=\"container\">\n\t\t\t\t\t<div class=\"e-con-inner\">\n\t\t\t\t<div class=\"elementor-element elementor-element-596d24a content elementor-widget elementor-widget-heading\" data-id=\"596d24a\" data-element_type=\"widget\" data-widget_type=\"heading.default\">\n\t\t\t\t<div class=\"elementor-widget-container\">\n\t\t\t\t\t<h2 class=\"elementor-heading-title elementor-size-default\">Lubricantes y<br> aditivos genuinos\n<\/h2>\t\t\t\t<\/div>\n\t\t\t\t<\/div>\n\t\t\t\t<div class=\"elementor-element elementor-element-1953372 content elementor-widget elementor-widget-heading\" data-id=\"1953372\" data-element_type=\"widget\" data-widget_type=\"heading.default\">\n\t\t\t\t<div class=\"elementor-widget-container\">\n\t\t\t\t\t<h2 class=\"elementor-heading-title elementor-size-default\">Lubricantes y<br> aditivos genuinos\n<\/h2>\t\t\t\t<\/div>\n\t\t\t\t<\/div>\n\t\t\t\t\t<\/div>\n\t\t\t\t<\/div>\n\t\t\t\t<\/div>","protected":false},"excerpt":{"rendered":"<p>Lubricantes y aditivos genuinos REVISI\u00d3N PREVENTIVA Equipos que trabajan en las mejores condiciones significa un mayor rendimiento y rentabilidad para su negocio.\u00a0\u00a1Para ello, tu gran aliado es la revisi\u00f3n preventiva!\u00a0Adem\u00e1s de evitar fallas y anticipar posibles problemas, el mantenimiento peri\u00f3dico puede brindarle ahorros, mayor durabilidad y evitar que su m\u00e1quina de trabajo Valtra se detenga [&hellip;]<\/p>\n","protected":false},"author":1,"featured_media":0,"parent":0,"menu_order":0,"comment_status":"closed","ping_status":"closed","template":"","meta":{"_acf_changed":false,"footnotes":""},"class_list":["post-20","page","type-page","status-publish","hentry"],"acf":[],"featured_image_src":null,"featured_image_src_square":null,"_links":{"self":[{"href":"https:\/\/www.balcarcemaquinarias.com.ar\/es\/wp-json\/wp\/v2\/pages\/20","targetHints":{"allow":["GET"]}}],"collection":[{"href":"https:\/\/www.balcarcemaquinarias.com.ar\/es\/wp-json\/wp\/v2\/pages"}],"about":[{"href":"https:\/\/www.balcarcemaquinarias.com.ar\/es\/wp-json\/wp\/v2\/types\/page"}],"author":[{"embeddable":true,"href":"https:\/\/www.balcarcemaquinarias.com.ar\/es\/wp-json\/wp\/v2\/users\/1"}],"replies":[{"embeddable":true,"href":"https:\/\/www.balcarcemaquinarias.com.ar\/es\/wp-json\/wp\/v2\/comments?post=20"}],"version-history":[{"count":0,"href":"https:\/\/www.balcarcemaquinarias.com.ar\/es\/wp-json\/wp\/v2\/pages\/20\/revisions"}],"wp:attachment":[{"href":"https:\/\/www.balcarcemaquinarias.com.ar\/es\/wp-json\/wp\/v2\/media?parent=20"}],"curies":[{"name":"wp","href":"https:\/\/api.w.org\/{rel}","templated":true}]}}